{"id":8455,"date":"2021-03-30T11:56:02","date_gmt":"2021-03-30T11:56:02","guid":{"rendered":"https:\/\/bebasilveraramos.com\/beba\/"},"modified":"2021-11-17T09:37:22","modified_gmt":"2021-11-17T09:37:22","slug":"beba","status":"publish","type":"page","link":"https:\/\/bebasilveraramos.com\/es\/beba\/","title":{"rendered":"Beba Biography"},"content":{"rendered":"[vc_row css=&#8221;.vc_custom_1615814782852{margin-bottom: 4vh !important;}&#8221; mobile_bg_img_hidden=&#8221;no&#8221; tablet_bg_img_hidden=&#8221;no&#8221; woodmart_parallax=&#8221;0&#8243; woodmart_gradient_switch=&#8221;no&#8221; row_reverse_mobile=&#8221;1&#8243; row_reverse_tablet=&#8221;1&#8243; woodmart_disable_overflow=&#8221;0&#8243;][vc_column css=&#8221;.vc_custom_1615814786972{margin-bottom: 4vh !important;padding-top: 0px !important;}&#8221; mobile_bg_img_hidden=&#8221;no&#8221; tablet_bg_img_hidden=&#8221;no&#8221; woodmart_parallax=&#8221;0&#8243; woodmart_sticky_column=&#8221;false&#8221; parallax_scroll=&#8221;no&#8221; mobile_reset_margin=&#8221;no&#8221; tablet_reset_margin=&#8221;no&#8221; offset=&#8221;vc_col-lg-6 vc_col-md-6&#8243;][vc_single_image image=&#8221;8238&#8243; img_size=&#8221;full&#8221; parallax_scroll=&#8221;no&#8221; css=&#8221;.vc_custom_1636987338014{margin-bottom: 0px !important;}&#8221; woodmart_inline=&#8221;no&#8221;][\/vc_column][vc_column css=&#8221;.vc_custom_1615814851816{margin-bottom: 4vh !important;padding-top: 0px !important;}&#8221; mobile_bg_img_hidden=&#8221;no&#8221; tablet_bg_img_hidden=&#8221;no&#8221; woodmart_parallax=&#8221;0&#8243; woodmart_sticky_column=&#8221;false&#8221; parallax_scroll=&#8221;no&#8221; mobile_reset_margin=&#8221;no&#8221; tablet_reset_margin=&#8221;no&#8221; offset=&#8221;vc_col-lg-offset-1 vc_col-lg-5 vc_col-md-6 vc_col-xs-12&#8243;][vc_empty_space height=&#8221;4vh&#8221; woodmart_hide_large=&#8221;0&#8243; woodmart_hide_medium=&#8221;0&#8243; woodmart_hide_small=&#8221;1&#8243; woodmart_hide_extra_small=&#8221;1&#8243;]\t\t\n\t\t<div id=\"wd-619271cd21648\" class=\"title-wrapper wd-wpb set-mb-s reset-last-child  wd-title-color-primary wd-title-style-default wd-width-100 text-left vc_custom_1636987371479\">\n\t\t\t\t\t\t\t<div class=\"title-subtitle  subtitle-color-primary font-default subtitle-style-default wd-font-weight-600 wd-fontsize-xs\">Who is BEBA?<\/div>\n\t\t\t\n\t\t\t<div class=\"liner-continer\">\n\t\t\t\t<h4 class=\"woodmart-title-container title  wd-font-weight- wd-fontsize-xxl\" >BEBA SILVERA RAMOS<\/h4>\n\t\t\t\t\t\t\t<\/div>\n\t\t\t\n\t\t\t\t\t\t\t<div class=\"title-after_title  set-cont-mb-s reset-last-child  wd-fontsize-s\">Biography<\/div>\n\t\t\t\n\t\t\t\t\t<\/div>\n\t\t\n\t\t[vc_column_text text_larger=&#8221;no&#8221; el_class=&#8221;text-larger&#8221; css=&#8221;.vc_custom_1637141838483{margin-bottom: 20px !important;}&#8221; woodmart_inline=&#8221;no&#8221;]Bailarina, profesora de danza y core\u00f3grafa.\r\nMarketing corporativo\r\nMujer de negocios\r\nCreador de la disciplina Balla &amp; Brucia\u00ae\ufe0f\r\nBiling\u00fce espa\u00f1ol \/ italiano \/ ingl\u00e9s\r\n\r\nYellinek Silvera Ramos (alias Beba) naci\u00f3 en Caracas (Venezuela) el 11 de agosto de 1979.\r\nEmpieza a bailar con 4 a\u00f1os. El amor por la danza la ha llevado a viajar por todo el mundo, conociendo y estudiando m\u00e1s de 70 estilos de danza diferentes, y trabajando como core\u00f3grafa. Siempre muy deportiva, practica nataci\u00f3n competitiva y varios deportes de combate al mismo tiempo, incluyendo Kick Boxing y Boxing.\r\n\r\nEn 2011 cre\u00f3 la disciplina Balla &amp; Brucia\u00ae\ufe0f y registr\u00f3 su marca. Hasta la fecha, la marca se est\u00e1 expandiendo r\u00e1pidamente por todo el territorio italiano y en Europa y Am\u00e9rica.\r\n\r\nBeba contin\u00faa estudiando mudarse por Italia y Europa para mantenerse al d\u00eda en el mundo de la danza y el Fitness.\r\n\r\nDurante el per\u00edodo de la pandemia, se viraliza con sus shows de baile y fitness en las redes sociales, alcanzando as\u00ed 1.000.000 de seguidores en pocos meses y convirti\u00e9ndose en influencer.\r\nElla se especializa en la p\u00e9rdida segura y responsable de peso corporal con su producto m\u00e1s popular &#8220;EL RETO&#8221; tambi\u00e9n en el cuidado de su cuerpo con productos de belleza desarrollados por ella.[\/vc_column_text][\/vc_column][\/vc_row]","protected":false},"excerpt":{"rendered":"[vc_row css=&#8221;.vc_custom_1615814782852{margin-bottom: 4vh !important;}&#8221; mobile_bg_img_hidden=&#8221;no&#8221; tablet_bg_img_hidden=&#8221;no&#8221; woodmart_parallax=&#8221;0&#8243; woodmart_gradient_switch=&#8221;no&#8221; row_reverse_mobile=&#8221;1&#8243; row_reverse_tablet=&#8221;1&#8243; woodmart_disable_overflow=&#8221;0&#8243;][vc_column css=&#8221;.vc_custom_1615814786972{margin-bottom: 4vh !important;padding-top: 0px !important;}&#8221; mobile_bg_img_hidden=&#8221;no&#8221; tablet_bg_img_hidden=&#8221;no&#8221; woodmart_parallax=&#8221;0&#8243; woodmart_sticky_column=&#8221;false&#8221;","protected":false},"author":1,"featured_media":0,"parent":0,"menu_order":0,"comment_status":"closed","ping_status":"closed","template":"","meta":{"footnotes":""},"class_list":["post-8455","page","type-page","status-publish","hentry"],"yoast_head":"<!-- This site is optimized with the Yoast SEO plugin v21.8 - https:\/\/yoast.com\/wordpress\/plugins\/seo\/ -->\n<title>Beba Biography | Beba Silvera Ramos<\/title>\n<meta name=\"robots\" content=\"index, follow, max-snippet:-1, max-image-preview:large, max-video-preview:-1\" \/>\n<link rel=\"canonical\" href=\"https:\/\/bebasilveraramos.com\/es\/beba\/\" \/>\n<meta property=\"og:locale\" content=\"es_ES\" \/>\n<meta property=\"og:type\" content=\"article\" \/>\n<meta property=\"og:title\" content=\"Beba Biography | Beba Silvera Ramos\" \/>\n<meta property=\"og:description\" content=\"[vc_row css=&#8221;.vc_custom_1615814782852{margin-bottom: 4vh !important;}&#8221; mobile_bg_img_hidden=&#8221;no&#8221; tablet_bg_img_hidden=&#8221;no&#8221; woodmart_parallax=&#8221;0&#8243; woodmart_gradient_switch=&#8221;no&#8221; row_reverse_mobile=&#8221;1&#8243; row_reverse_tablet=&#8221;1&#8243; woodmart_disable_overflow=&#8221;0&#8243;][vc_column css=&#8221;.vc_custom_1615814786972{margin-bottom: 4vh !important;padding-top: 0px !important;}&#8221; mobile_bg_img_hidden=&#8221;no&#8221; tablet_bg_img_hidden=&#8221;no&#8221; woodmart_parallax=&#8221;0&#8243; woodmart_sticky_column=&#8221;false&#8221;\" \/>\n<meta property=\"og:url\" content=\"https:\/\/bebasilveraramos.com\/es\/beba\/\" \/>\n<meta property=\"og:site_name\" content=\"Beba Silvera Ramos\" \/>\n<meta property=\"article:modified_time\" content=\"2021-11-17T09:37:22+00:00\" \/>\n<meta name=\"twitter:card\" content=\"summary_large_image\" \/>\n<meta name=\"twitter:label1\" content=\"Tiempo de lectura\" \/>\n\t<meta name=\"twitter:data1\" content=\"2 minutos\" \/>\n<script type=\"application\/ld+json\" class=\"yoast-schema-graph\">{\"@context\":\"https:\/\/schema.org\",\"@graph\":[{\"@type\":\"WebPage\",\"@id\":\"https:\/\/bebasilveraramos.com\/es\/beba\/\",\"url\":\"https:\/\/bebasilveraramos.com\/es\/beba\/\",\"name\":\"Beba Biography | Beba Silvera Ramos\",\"isPartOf\":{\"@id\":\"https:\/\/bebasilveraramos.com\/#website\"},\"datePublished\":\"2021-03-30T11:56:02+00:00\",\"dateModified\":\"2021-11-17T09:37:22+00:00\",\"breadcrumb\":{\"@id\":\"https:\/\/bebasilveraramos.com\/es\/beba\/#breadcrumb\"},\"inLanguage\":\"es\",\"potentialAction\":[{\"@type\":\"ReadAction\",\"target\":[\"https:\/\/bebasilveraramos.com\/es\/beba\/\"]}]},{\"@type\":\"BreadcrumbList\",\"@id\":\"https:\/\/bebasilveraramos.com\/es\/beba\/#breadcrumb\",\"itemListElement\":[{\"@type\":\"ListItem\",\"position\":1,\"name\":\"Home\",\"item\":\"https:\/\/bebasilveraramos.com\/es\/\"},{\"@type\":\"ListItem\",\"position\":2,\"name\":\"Beba Biography\"}]},{\"@type\":\"WebSite\",\"@id\":\"https:\/\/bebasilveraramos.com\/#website\",\"url\":\"https:\/\/bebasilveraramos.com\/\",\"name\":\"Beba Silvera Ramos\",\"description\":\"Online Gym and Dance School\",\"publisher\":{\"@id\":\"https:\/\/bebasilveraramos.com\/#organization\"},\"potentialAction\":[{\"@type\":\"SearchAction\",\"target\":{\"@type\":\"EntryPoint\",\"urlTemplate\":\"https:\/\/bebasilveraramos.com\/?s={search_term_string}\"},\"query-input\":\"required name=search_term_string\"}],\"inLanguage\":\"es\"},{\"@type\":\"Organization\",\"@id\":\"https:\/\/bebasilveraramos.com\/#organization\",\"name\":\"Beba Silvera Ramos\",\"url\":\"https:\/\/bebasilveraramos.com\/\",\"logo\":{\"@type\":\"ImageObject\",\"inLanguage\":\"es\",\"@id\":\"https:\/\/bebasilveraramos.com\/#\/schema\/logo\/image\/\",\"url\":\"https:\/\/bebasilveraramos.com\/wp-content\/uploads\/2021\/09\/bsr-logo.png\",\"contentUrl\":\"https:\/\/bebasilveraramos.com\/wp-content\/uploads\/2021\/09\/bsr-logo.png\",\"width\":399,\"height\":205,\"caption\":\"Beba Silvera Ramos\"},\"image\":{\"@id\":\"https:\/\/bebasilveraramos.com\/#\/schema\/logo\/image\/\"}}]}<\/script>\n<!-- \/ Yoast SEO plugin. -->","yoast_head_json":{"title":"Beba Biography | Beba Silvera Ramos","robots":{"index":"index","follow":"follow","max-snippet":"max-snippet:-1","max-image-preview":"max-image-preview:large","max-video-preview":"max-video-preview:-1"},"canonical":"https:\/\/bebasilveraramos.com\/es\/beba\/","og_locale":"es_ES","og_type":"article","og_title":"Beba Biography | Beba Silvera Ramos","og_description":"[vc_row css=&#8221;.vc_custom_1615814782852{margin-bottom: 4vh !important;}&#8221; mobile_bg_img_hidden=&#8221;no&#8221; tablet_bg_img_hidden=&#8221;no&#8221; woodmart_parallax=&#8221;0&#8243; woodmart_gradient_switch=&#8221;no&#8221; row_reverse_mobile=&#8221;1&#8243; row_reverse_tablet=&#8221;1&#8243; woodmart_disable_overflow=&#8221;0&#8243;][vc_column css=&#8221;.vc_custom_1615814786972{margin-bottom: 4vh !important;padding-top: 0px !important;}&#8221; mobile_bg_img_hidden=&#8221;no&#8221; tablet_bg_img_hidden=&#8221;no&#8221; woodmart_parallax=&#8221;0&#8243; woodmart_sticky_column=&#8221;false&#8221;","og_url":"https:\/\/bebasilveraramos.com\/es\/beba\/","og_site_name":"Beba Silvera Ramos","article_modified_time":"2021-11-17T09:37:22+00:00","twitter_card":"summary_large_image","twitter_misc":{"Tiempo de lectura":"2 minutos"},"schema":{"@context":"https:\/\/schema.org","@graph":[{"@type":"WebPage","@id":"https:\/\/bebasilveraramos.com\/es\/beba\/","url":"https:\/\/bebasilveraramos.com\/es\/beba\/","name":"Beba Biography | Beba Silvera Ramos","isPartOf":{"@id":"https:\/\/bebasilveraramos.com\/#website"},"datePublished":"2021-03-30T11:56:02+00:00","dateModified":"2021-11-17T09:37:22+00:00","breadcrumb":{"@id":"https:\/\/bebasilveraramos.com\/es\/beba\/#breadcrumb"},"inLanguage":"es","potentialAction":[{"@type":"ReadAction","target":["https:\/\/bebasilveraramos.com\/es\/beba\/"]}]},{"@type":"BreadcrumbList","@id":"https:\/\/bebasilveraramos.com\/es\/beba\/#breadcrumb","itemListElement":[{"@type":"ListItem","position":1,"name":"Home","item":"https:\/\/bebasilveraramos.com\/es\/"},{"@type":"ListItem","position":2,"name":"Beba Biography"}]},{"@type":"WebSite","@id":"https:\/\/bebasilveraramos.com\/#website","url":"https:\/\/bebasilveraramos.com\/","name":"Beba Silvera Ramos","description":"Online Gym and Dance School","publisher":{"@id":"https:\/\/bebasilveraramos.com\/#organization"},"potentialAction":[{"@type":"SearchAction","target":{"@type":"EntryPoint","urlTemplate":"https:\/\/bebasilveraramos.com\/?s={search_term_string}"},"query-input":"required name=search_term_string"}],"inLanguage":"es"},{"@type":"Organization","@id":"https:\/\/bebasilveraramos.com\/#organization","name":"Beba Silvera Ramos","url":"https:\/\/bebasilveraramos.com\/","logo":{"@type":"ImageObject","inLanguage":"es","@id":"https:\/\/bebasilveraramos.com\/#\/schema\/logo\/image\/","url":"https:\/\/bebasilveraramos.com\/wp-content\/uploads\/2021\/09\/bsr-logo.png","contentUrl":"https:\/\/bebasilveraramos.com\/wp-content\/uploads\/2021\/09\/bsr-logo.png","width":399,"height":205,"caption":"Beba Silvera Ramos"},"image":{"@id":"https:\/\/bebasilveraramos.com\/#\/schema\/logo\/image\/"}}]}},"_links":{"self":[{"href":"https:\/\/bebasilveraramos.com\/es\/wp-json\/wp\/v2\/pages\/8455","targetHints":{"allow":["GET"]}}],"collection":[{"href":"https:\/\/bebasilveraramos.com\/es\/wp-json\/wp\/v2\/pages"}],"about":[{"href":"https:\/\/bebasilveraramos.com\/es\/wp-json\/wp\/v2\/types\/page"}],"author":[{"embeddable":true,"href":"https:\/\/bebasilveraramos.com\/es\/wp-json\/wp\/v2\/users\/1"}],"replies":[{"embeddable":true,"href":"https:\/\/bebasilveraramos.com\/es\/wp-json\/wp\/v2\/comments?post=8455"}],"version-history":[{"count":2,"href":"https:\/\/bebasilveraramos.com\/es\/wp-json\/wp\/v2\/pages\/8455\/revisions"}],"predecessor-version":[{"id":8457,"href":"https:\/\/bebasilveraramos.com\/es\/wp-json\/wp\/v2\/pages\/8455\/revisions\/8457"}],"wp:attachment":[{"href":"https:\/\/bebasilveraramos.com\/es\/wp-json\/wp\/v2\/media?parent=8455"}],"curies":[{"name":"wp","href":"https:\/\/api.w.org\/{rel}","templated":true}]}}