{"id":8536,"date":"2021-11-15T16:09:27","date_gmt":"2021-11-15T16:09:27","guid":{"rendered":"https:\/\/bebasilveraramos.com\/privacy-policy-beba\/"},"modified":"2021-11-17T11:04:38","modified_gmt":"2021-11-17T11:04:38","slug":"privacy-policy-beba","status":"publish","type":"page","link":"https:\/\/bebasilveraramos.com\/es\/privacy-policy-beba\/","title":{"rendered":"Privacy Policy"},"content":{"rendered":"[vc_row][vc_column][vc_column_text woodmart_inline=&#8221;no&#8221; text_larger=&#8221;no&#8221;]<strong>Informaci\u00f3n de privacidad (de conformidad con el art\u00edculo 13 del Decreto Legislativo 196\/2003 y de los art\u00edculos 13 y 14 del Reglamento de la UE n. \u00b0 679\/2016)<\/strong>\r\nRevenge Srl le informa que los datos personales adquiridos, tambi\u00e9n con referencia a las relaciones legales, se (a trav\u00e9s de ejemplo, pero no limitado a: relaciones precontractuales, relaciones contractuales estipuladas, pedidos, compras), se procesan de conformidad con el Decreto Legislativo 196\/2003 y el Reglamento de la UE n. 679\/2016 (GDPR). El Responsable del tratamiento est\u00e1 obligado &#8211; cuando se obtienen los datos personales &#8211; a informar al interesado sobre los datos tratados y sobre determinados elementos calificativos del tratamiento, que en todo caso se basar\u00e1 en principios de correcci\u00f3n, licitud, transparencia y protecci\u00f3n. de su privacidad y sus derechos.\r\nPor tanto, con base en lo dispuesto en el art.\u00a013 del Decreto Legislativo.\u00a0norte.\u00a0196\/2003 y de los art\u00edculos 13 y 14 del Reg. UE No. 679\/2016, le proporcionamos la siguiente informaci\u00f3n.\r\n\r\n<strong>Los datos<\/strong>\r\ndel controlador El responsable del fichero es Ballaebrucia, con domicilio social en Via Dolomiti 18 Bellusco 20882 MB, direcci\u00f3n de correo electr\u00f3nico:\u00a0\u00a0\u00a0<a href=\"mailto:info@ballaebrucia.com?_x_tr_sl=it&amp;_x_tr_tl=en&amp;_x_tr_hl=it&amp;_x_tr_pto=nui&amp;_x_tr_sl=it&amp;_x_tr_tl=es&amp;_x_tr_hl=it&amp;_x_tr_pto=nui\">info@ballaebrucia.com<\/a>\r\n\r\n<strong>Finalidad del tratamiento<\/strong>\r\nLe informamos que, de conformidad con la legislaci\u00f3n antes mencionada, los datos personales facilitados o de cualquier otra forma adquiridos en el contexto de nuestra actividad comercial, podr\u00e1n ser tratados por Ballaebrucia con finalidades vinculadas o instrumentales a la actividad de nuestra empresa. . La recogida y tratamiento de datos se realizan y \/ o se llevar\u00e1n a cabo con fines contractuales, comerciales, fiscales, administrativos, legales as\u00ed como para permitir una gesti\u00f3n eficaz de las relaciones financieras y comerciales.\r\n\r\n<strong>Comunicaci\u00f3n de datos personales<\/strong>\r\nTambi\u00e9n le informamos que los datos antes mencionados pueden ser comunicados a personas f\u00edsicas o jur\u00eddicas (por ejemplo: bancos, factores, empresas financieras, empresas de informaci\u00f3n comercial, proveedores, etc.) que faciliten, por cuenta y \/ o inter\u00e9s. de nuestra empresa, servicios espec\u00edficos de procesamiento o actividades necesarias para el establecimiento y \/ o ejecuci\u00f3n y \/ o conclusi\u00f3n de una relaci\u00f3n comercial o contractual establecida o constituida, o cualquier otra actividad relacionada, instrumental o de apoyo a la de nuestra empresa. La lista actualizada de administradores externos, con m\u00e1s datos \u00fatiles para su identificaci\u00f3n, est\u00e1 disponible en el Controlador de datos de datos personales.\r\n\r\n<strong>Suministro obligatorio de datos personales Le<\/strong>\r\ninformamos que, si los fines del tratamiento tienen como base legal una obligaci\u00f3n legal o contractual (o incluso precontractual), el interesado deber\u00e1 aportar necesariamente los datos solicitados.\u00a0De lo contrario, ser\u00e1 imposible que el controlador de datos persiga los fines espec\u00edficos del procesamiento.\r\n<div class=\"page\" title=\"P\u00e1gina 2\">\r\n<div class=\"layoutArea\">\r\n<div class=\"column\">\r\n\r\n<strong>Plazo de conservaci\u00f3n<\/strong>\r\nLos datos son y \/ o ser\u00e1n tratados durante toda la duraci\u00f3n de la relaci\u00f3n comercial, contractual y tambi\u00e9n posteriormente para el cumplimiento de obligaciones legales y \/ o con fines administrativos, comerciales, fiscales.\r\n\r\n<strong>M\u00e9todos de procesamiento<\/strong>\r\nEl Responsable del Tratamiento realiza los tratamientos necesarios en cumplimiento de la legislaci\u00f3n nacional sobre privacidad, as\u00ed como en cumplimiento del Reg. UE N. 679\/2016. Los datos personales ser\u00e1n tratados en papel, inform\u00e1tico y telem\u00e1tico e insertados en las bases de datos relevantes a las que podr\u00e1n acceder, y por tanto conocer, los empleados designados expresamente por el Responsable del tratamiento como Responsables y responsables del tratamiento de los datos personales. datos, quienes podr\u00e1n realizar operaciones de consulta. , direcci\u00f3n, procesamiento, comparaci\u00f3n y cualquier otra operaci\u00f3n adecuada, incluso automatizada, en cumplimiento de lo dispuesto en la ley necesaria para garantizar, entre otras cosas, la confidencialidad y seguridad de los datos as\u00ed como la exactitud, actualizaci\u00f3n y relevancia de los datos. con respecto a los fines declarados.La empresa propietaria procesar\u00e1 los datos personales de acuerdo con las disposiciones de seguridad vigentes para minimizar el riesgo de destrucci\u00f3n o p\u00e9rdida, incluso accidental, de datos; Acceso no autorizado; tratamientos no permitidos o no se ajustan a las finalidades de recogida de datos y uso il\u00edcito o incorrecto de los datos.\r\n\r\n<strong>Derechos del interesado<\/strong>\r\nDe conformidad con el art. 7 Decreto Legislativo n. 196\/2003 y de los art\u00edculos 15 al 22 del Reglamento UE n\u00ba 679\/2016, puede ejercer los siguientes derechos:\r\na. acceso a los datos personales: derecho a obtener la confirmaci\u00f3n de la existencia o no de los datos personales que le conciernen, aunque a\u00fan no est\u00e9n registrados, y su comunicaci\u00f3n en forma inteligible;\r\nB. para obtener la correcci\u00f3n o cancelaci\u00f3n del mismo o la limitaci\u00f3n del tratamiento;\r\nC. obtener informaci\u00f3n sobre el origen de los datos personales, las finalidades y m\u00e9todos de tratamiento, las categor\u00edas de datos, los destinatarios o categor\u00edas de destinatarios a los que se han comunicado o se comunicar\u00e1n los datos personales y, cuando sea posible, el per\u00edodo de conservaci\u00f3n, como as\u00ed como informaci\u00f3n sobre los datos identificativos del Responsable del tratamiento, del responsable, de los representantes designados o de los sujetos a los que se puedan comunicar los datos o que puedan conocerlos como representante designado en el territorio del Estado, responsable o persona a cargo;\r\nD. oponerse, por motivos leg\u00edtimos, al procesamiento de la totalidad o parte de sus datos personales;\r\nY. portabilidad de datos;\r\nF.\u00a0retirar el consentimiento, en cualquier momento, sin perjuicio de la licitud del tratamiento basado en el consentimiento prestado antes de la revocaci\u00f3n;\r\ngramo.\u00a0para presentar una queja ante la Autoridad de Control.\r\nEl ejercicio de sus derechos puede tener lugar enviando una solicitud a la direcci\u00f3n de correo electr\u00f3nico del Responsable del tratamiento previamente indicada.\r\n\r\n<strong>Cambios y actualizaciones<\/strong>\r\nEsta informaci\u00f3n es v\u00e1lida a partir de la fecha indicada en su encabezado.\u00a0Ballaebrucia puede realizar cambios y \/ o adiciones a esta informaci\u00f3n tambi\u00e9n como consecuencia de cualquier enmienda posterior y \/ o adiciones regulatorias.\u00a0Los cambios dar\u00e1n lugar a la emisi\u00f3n de una nueva informaci\u00f3n a la que se llamar\u00e1 al interesado a la nueva suscripci\u00f3n.\r\n\r\n<\/div>\r\n<\/div>\r\n<\/div>\r\n[\/vc_column_text][\/vc_column][\/vc_row]","protected":false},"excerpt":{"rendered":"[vc_row][vc_column][vc_column_text woodmart_inline=&#8221;no&#8221; text_larger=&#8221;no&#8221;]Informaci\u00f3n de privacidad (de conformidad con el art\u00edculo 13 del Decreto Legislativo 196\/2003 y de los art\u00edculos 13","protected":false},"author":1,"featured_media":0,"parent":0,"menu_order":0,"comment_status":"closed","ping_status":"closed","template":"","meta":{"footnotes":""},"class_list":["post-8536","page","type-page","status-publish","hentry"],"yoast_head":"<!-- This site is optimized with the Yoast SEO plugin v21.8 - https:\/\/yoast.com\/wordpress\/plugins\/seo\/ -->\n<title>Privacy Policy | Beba Silvera Ramos<\/title>\n<meta name=\"robots\" content=\"index, follow, max-snippet:-1, max-image-preview:large, max-video-preview:-1\" \/>\n<link rel=\"canonical\" href=\"https:\/\/bebasilveraramos.com\/es\/privacy-policy-beba\/\" \/>\n<meta property=\"og:locale\" content=\"es_ES\" \/>\n<meta property=\"og:type\" content=\"article\" \/>\n<meta property=\"og:title\" content=\"Privacy Policy | Beba Silvera Ramos\" \/>\n<meta property=\"og:description\" content=\"[vc_row][vc_column][vc_column_text woodmart_inline=&#8221;no&#8221; text_larger=&#8221;no&#8221;]Informaci\u00f3n de privacidad (de conformidad con el art\u00edculo 13 del Decreto Legislativo 196\/2003 y de los art\u00edculos 13\" \/>\n<meta property=\"og:url\" content=\"https:\/\/bebasilveraramos.com\/es\/privacy-policy-beba\/\" \/>\n<meta property=\"og:site_name\" content=\"Beba Silvera Ramos\" \/>\n<meta property=\"article:modified_time\" content=\"2021-11-17T11:04:38+00:00\" \/>\n<meta name=\"twitter:card\" content=\"summary_large_image\" \/>\n<meta name=\"twitter:label1\" content=\"Tiempo de lectura\" \/>\n\t<meta name=\"twitter:data1\" content=\"5 minutos\" \/>\n<script type=\"application\/ld+json\" class=\"yoast-schema-graph\">{\"@context\":\"https:\/\/schema.org\",\"@graph\":[{\"@type\":\"WebPage\",\"@id\":\"https:\/\/bebasilveraramos.com\/es\/privacy-policy-beba\/\",\"url\":\"https:\/\/bebasilveraramos.com\/es\/privacy-policy-beba\/\",\"name\":\"Privacy Policy | Beba Silvera Ramos\",\"isPartOf\":{\"@id\":\"https:\/\/bebasilveraramos.com\/#website\"},\"datePublished\":\"2021-11-15T16:09:27+00:00\",\"dateModified\":\"2021-11-17T11:04:38+00:00\",\"breadcrumb\":{\"@id\":\"https:\/\/bebasilveraramos.com\/es\/privacy-policy-beba\/#breadcrumb\"},\"inLanguage\":\"es\",\"potentialAction\":[{\"@type\":\"ReadAction\",\"target\":[\"https:\/\/bebasilveraramos.com\/es\/privacy-policy-beba\/\"]}]},{\"@type\":\"BreadcrumbList\",\"@id\":\"https:\/\/bebasilveraramos.com\/es\/privacy-policy-beba\/#breadcrumb\",\"itemListElement\":[{\"@type\":\"ListItem\",\"position\":1,\"name\":\"Home\",\"item\":\"https:\/\/bebasilveraramos.com\/es\/\"},{\"@type\":\"ListItem\",\"position\":2,\"name\":\"Privacy Policy\"}]},{\"@type\":\"WebSite\",\"@id\":\"https:\/\/bebasilveraramos.com\/#website\",\"url\":\"https:\/\/bebasilveraramos.com\/\",\"name\":\"Beba Silvera Ramos\",\"description\":\"Online Gym and Dance School\",\"publisher\":{\"@id\":\"https:\/\/bebasilveraramos.com\/#organization\"},\"potentialAction\":[{\"@type\":\"SearchAction\",\"target\":{\"@type\":\"EntryPoint\",\"urlTemplate\":\"https:\/\/bebasilveraramos.com\/?s={search_term_string}\"},\"query-input\":\"required name=search_term_string\"}],\"inLanguage\":\"es\"},{\"@type\":\"Organization\",\"@id\":\"https:\/\/bebasilveraramos.com\/#organization\",\"name\":\"Beba Silvera Ramos\",\"url\":\"https:\/\/bebasilveraramos.com\/\",\"logo\":{\"@type\":\"ImageObject\",\"inLanguage\":\"es\",\"@id\":\"https:\/\/bebasilveraramos.com\/#\/schema\/logo\/image\/\",\"url\":\"https:\/\/bebasilveraramos.com\/wp-content\/uploads\/2021\/09\/bsr-logo.png\",\"contentUrl\":\"https:\/\/bebasilveraramos.com\/wp-content\/uploads\/2021\/09\/bsr-logo.png\",\"width\":399,\"height\":205,\"caption\":\"Beba Silvera Ramos\"},\"image\":{\"@id\":\"https:\/\/bebasilveraramos.com\/#\/schema\/logo\/image\/\"}}]}<\/script>\n<!-- \/ Yoast SEO plugin. -->","yoast_head_json":{"title":"Privacy Policy | Beba Silvera Ramos","robots":{"index":"index","follow":"follow","max-snippet":"max-snippet:-1","max-image-preview":"max-image-preview:large","max-video-preview":"max-video-preview:-1"},"canonical":"https:\/\/bebasilveraramos.com\/es\/privacy-policy-beba\/","og_locale":"es_ES","og_type":"article","og_title":"Privacy Policy | Beba Silvera Ramos","og_description":"[vc_row][vc_column][vc_column_text woodmart_inline=&#8221;no&#8221; text_larger=&#8221;no&#8221;]Informaci\u00f3n de privacidad (de conformidad con el art\u00edculo 13 del Decreto Legislativo 196\/2003 y de los art\u00edculos 13","og_url":"https:\/\/bebasilveraramos.com\/es\/privacy-policy-beba\/","og_site_name":"Beba Silvera Ramos","article_modified_time":"2021-11-17T11:04:38+00:00","twitter_card":"summary_large_image","twitter_misc":{"Tiempo de lectura":"5 minutos"},"schema":{"@context":"https:\/\/schema.org","@graph":[{"@type":"WebPage","@id":"https:\/\/bebasilveraramos.com\/es\/privacy-policy-beba\/","url":"https:\/\/bebasilveraramos.com\/es\/privacy-policy-beba\/","name":"Privacy Policy | Beba Silvera Ramos","isPartOf":{"@id":"https:\/\/bebasilveraramos.com\/#website"},"datePublished":"2021-11-15T16:09:27+00:00","dateModified":"2021-11-17T11:04:38+00:00","breadcrumb":{"@id":"https:\/\/bebasilveraramos.com\/es\/privacy-policy-beba\/#breadcrumb"},"inLanguage":"es","potentialAction":[{"@type":"ReadAction","target":["https:\/\/bebasilveraramos.com\/es\/privacy-policy-beba\/"]}]},{"@type":"BreadcrumbList","@id":"https:\/\/bebasilveraramos.com\/es\/privacy-policy-beba\/#breadcrumb","itemListElement":[{"@type":"ListItem","position":1,"name":"Home","item":"https:\/\/bebasilveraramos.com\/es\/"},{"@type":"ListItem","position":2,"name":"Privacy Policy"}]},{"@type":"WebSite","@id":"https:\/\/bebasilveraramos.com\/#website","url":"https:\/\/bebasilveraramos.com\/","name":"Beba Silvera Ramos","description":"Online Gym and Dance School","publisher":{"@id":"https:\/\/bebasilveraramos.com\/#organization"},"potentialAction":[{"@type":"SearchAction","target":{"@type":"EntryPoint","urlTemplate":"https:\/\/bebasilveraramos.com\/?s={search_term_string}"},"query-input":"required name=search_term_string"}],"inLanguage":"es"},{"@type":"Organization","@id":"https:\/\/bebasilveraramos.com\/#organization","name":"Beba Silvera Ramos","url":"https:\/\/bebasilveraramos.com\/","logo":{"@type":"ImageObject","inLanguage":"es","@id":"https:\/\/bebasilveraramos.com\/#\/schema\/logo\/image\/","url":"https:\/\/bebasilveraramos.com\/wp-content\/uploads\/2021\/09\/bsr-logo.png","contentUrl":"https:\/\/bebasilveraramos.com\/wp-content\/uploads\/2021\/09\/bsr-logo.png","width":399,"height":205,"caption":"Beba Silvera Ramos"},"image":{"@id":"https:\/\/bebasilveraramos.com\/#\/schema\/logo\/image\/"}}]}},"_links":{"self":[{"href":"https:\/\/bebasilveraramos.com\/es\/wp-json\/wp\/v2\/pages\/8536","targetHints":{"allow":["GET"]}}],"collection":[{"href":"https:\/\/bebasilveraramos.com\/es\/wp-json\/wp\/v2\/pages"}],"about":[{"href":"https:\/\/bebasilveraramos.com\/es\/wp-json\/wp\/v2\/types\/page"}],"author":[{"embeddable":true,"href":"https:\/\/bebasilveraramos.com\/es\/wp-json\/wp\/v2\/users\/1"}],"replies":[{"embeddable":true,"href":"https:\/\/bebasilveraramos.com\/es\/wp-json\/wp\/v2\/comments?post=8536"}],"version-history":[{"count":2,"href":"https:\/\/bebasilveraramos.com\/es\/wp-json\/wp\/v2\/pages\/8536\/revisions"}],"predecessor-version":[{"id":8538,"href":"https:\/\/bebasilveraramos.com\/es\/wp-json\/wp\/v2\/pages\/8536\/revisions\/8538"}],"wp:attachment":[{"href":"https:\/\/bebasilveraramos.com\/es\/wp-json\/wp\/v2\/media?parent=8536"}],"curies":[{"name":"wp","href":"https:\/\/api.w.org\/{rel}","templated":true}]}}