{"id":8544,"date":"2021-11-15T16:13:00","date_gmt":"2021-11-15T16:13:00","guid":{"rendered":"https:\/\/bebasilveraramos.com\/cookie-policy\/"},"modified":"2021-11-17T11:06:43","modified_gmt":"2021-11-17T11:06:43","slug":"cookie-policy","status":"publish","type":"page","link":"https:\/\/bebasilveraramos.com\/es\/cookie-policy\/","title":{"rendered":"Cookie Policy"},"content":{"rendered":"[vc_row][vc_column][vc_column_text woodmart_inline=&#8221;no&#8221; text_larger=&#8221;no&#8221;]El propietario y administrador del procesamiento de datos del sitio https:\/\/bebasilveraramos.com es Ballaebrucia, con sede en Via Dolomiti 18 Bellusco 20882 MB\r\n\r\nEsta pol\u00edtica de cookies tambi\u00e9n se refiere a nuestra\u00a0\u00a0<a href=\"https:\/\/bebasilveraramos-com.translate.goog\/privacy-policy-beba\/?_x_tr_sl=it&amp;_x_tr_tl=es&amp;_x_tr_hl=it&amp;_x_tr_pto=nui\">pol\u00edtica de privacidad<\/a>\u00a0.\u00a0Si hay algo que no entendiste o en general por algo, escribe un correo a info@ballaebrucia.com: te responderemos lo antes posible.\r\n<p class=\"p1\"><strong><span class=\"s1\">\u00bfQu\u00e9 son exactamente las cookies?<\/span><\/strong><\/p>\r\n<p class=\"p1\"><span class=\"s2\">Para recopilar informaci\u00f3n, incluidos los datos personales que se describen en este Aviso, podemos utilizar cookies y tecnolog\u00eda similar en nuestro sitio web.\u00a0Una cookie es una peque\u00f1a informaci\u00f3n que se env\u00eda a su navegador y se almacena en el disco duro de su computadora, tel\u00e9fono m\u00f3vil u otro dispositivo.\u00a0Las cookies pueden ser de origen, es decir, aquellas colocadas en su dispositivo por el sitio web que est\u00e1 visitando, o cookies de terceros, es decir, aquellas colocadas en su dispositivo a trav\u00e9s del sitio web pero por terceros, como Google.\u00a0Para obtener m\u00e1s informaci\u00f3n, visite\u00a0\u00a0<a href=\"https:\/\/translate.google.com\/website?sl=it&amp;tl=es&amp;nui=1&amp;u=http:\/\/www.allaboutcookies.org\/\"><span class=\"s3\"><b>www.allaboutcookies.org<\/b><\/span><\/a>\u00a0.<\/span><\/p>\r\n<p class=\"p1\"><strong><span class=\"s1\">Cookies que se encuentran en nuestro sitio web.<\/span><\/strong><\/p>\r\n<p class=\"p1\"><span class=\"s2\">Por ejemplo, podemos utilizar las siguientes cookies en nuestro sitio web:<\/span><\/p>\r\n\r\n<ul class=\"ul1\">\r\n \t<li class=\"li2\"><em><span class=\"s5\">Cookies estrictamente necesarias.\r\n<\/span><\/em><span class=\"s6\">Estas cookies son esenciales para su navegaci\u00f3n en nuestro sitio web y el uso de sus funciones. Sin estas cookies, no es posible proporcionar los Servicios que ha solicitado. Cuando se cierra el navegador, se eliminan las cookies. Estas son cookies de origen.<\/span><\/li>\r\n \t<li class=\"li2\"><span class=\"s5\"><em>Cookies de an\u00e1lisis de rendimiento.<\/em>\r\n<\/span><span class=\"s6\">Estas cookies recopilan informaci\u00f3n de forma an\u00f3nima sobre c\u00f3mo los visitantes utilizan nuestro sitio web. Nos permiten reconocer y contar el n\u00famero de visitantes y ver c\u00f3mo se mueven por el sitio web cuando lo utilizan y las regiones desde las que lo visitan. Estas son cookies de origen. Por ejemplo, este sitio web utiliza Google Analytics para ayudarnos a analizar c\u00f3mo los usuarios utilizan el sitio web. La informaci\u00f3n generada por la cookie sobre su uso del sitio web (incluida su direcci\u00f3n IP) se transmite a Google. Esta informaci\u00f3n se utiliza luego para evaluar el uso del sitio web por parte de los Usuarios y para compilar informes estad\u00edsticos sobre la actividad del sitio web para el Grupo.<\/span><\/li>\r\n \t<li class=\"li2\"><span class=\"s5\"><em>Cookies de an\u00e1lisis de funcionalidad.<\/em>\r\n<\/span><span class=\"s6\">Estas cookies permiten que nuestro sitio web recuerde las elecciones que realiza (por ejemplo, su nombre de usuario, idioma o regi\u00f3n donde se encuentra, si corresponde) y ofrecer funciones mejoradas y m\u00e1s personalizadas. La informaci\u00f3n recopilada por estas cookies puede hacerse an\u00f3nima y no le permiten realizar un seguimiento de su navegaci\u00f3n en otros sitios web. Estas son cookies de origen.<\/span><\/li>\r\n \t<li class=\"li2\"><span class=\"s5\"><em>Cookies de segmentaci\u00f3n \/ publicidad.<\/em>\r\n<\/span><span class=\"s6\">Estas cookies nos permiten a nosotros y a nuestros anunciantes proporcionarle la informaci\u00f3n m\u00e1s relevante para usted y sus intereses. Tambi\u00e9n se utilizan para limitar la cantidad de veces que ve un anuncio, as\u00ed como para ayudar a medir la efectividad de las campa\u00f1as publicitarias. Estas cookies recuerdan que ha visitado nuestro sitio web y pueden ayudarnos a completar su perfil. Estas son cookies persistentes que permanecer\u00e1n en su dispositivo hasta que caduquen o se cancelen manualmente por adelantado.<\/span><\/li>\r\n \t<li class=\"li2\"><span class=\"s5\"><em>Cookies de redes sociales.<\/em>\r\n<\/span><span class=\"s6\">Estas cookies le permiten conectarse a redes sociales como Facebook, Twitter, LinkedIn y Google+.\u00a0Estas son cookies persistentes que permanecer\u00e1n en su dispositivo hasta que caduquen o se eliminen manualmente por adelantado.<\/span><\/li>\r\n \t<li class=\"li2\"><span class=\"s6\">Otras cookies y tecnolog\u00edas similares, de vez en cuando.<\/span><\/li>\r\n<\/ul>\r\n<p class=\"p1\"><span class=\"s2\">Podemos combinar informaci\u00f3n obtenida de este tipo de cookies y tecnolog\u00edas con informaci\u00f3n sobre usted obtenida de otras fuentes.<\/span><\/p>\r\n<p class=\"p1\"><span class=\"s1\"><strong>Consentimiento para el uso de cookies y deshabilitaci\u00f3n.<\/strong>\r\n<\/span><span class=\"s2\">Al utilizar nuestros Servicios, asumimos que acepta la instalaci\u00f3n, por nuestra parte, de cookies en su dispositivo.\u00a0La mayor\u00eda de los navegadores de Internet aceptan cookies autom\u00e1ticamente.\u00a0Sin embargo, si usted u otro usuario de su dispositivo desea retirar su consentimiento en cualquier momento, tiene la opci\u00f3n de aceptar o rechazar las cookies cambiando la configuraci\u00f3n de su navegador.\u00a0<a href=\"https:\/\/translate.google.com\/website?sl=it&amp;tl=es&amp;nui=1&amp;u=http:\/\/www.wikihow.com\/Disable-Cookies\"><span class=\"s3\"><b>Aqu\u00ed<\/b><\/span><\/a>\u00a0\u00a0encontrar\u00e1 la informaci\u00f3n para deshabilitar las cookies de su navegador.\u00a0Si opta por rechazar las cookies, es posible que no disfrute plenamente de las funciones interactivas de nuestro sitio web, plataformas y Servicios.<\/span><\/p>\r\n[\/vc_column_text][\/vc_column][\/vc_row]","protected":false},"excerpt":{"rendered":"[vc_row][vc_column][vc_column_text woodmart_inline=&#8221;no&#8221; text_larger=&#8221;no&#8221;]El propietario y administrador del procesamiento de datos del sitio https:\/\/bebasilveraramos.com es Ballaebrucia, con sede en Via Dolomiti","protected":false},"author":1,"featured_media":0,"parent":0,"menu_order":0,"comment_status":"closed","ping_status":"closed","template":"","meta":{"footnotes":""},"class_list":["post-8544","page","type-page","status-publish","hentry"],"yoast_head":"<!-- This site is optimized with the Yoast SEO plugin v21.8 - https:\/\/yoast.com\/wordpress\/plugins\/seo\/ -->\n<title>Cookie Policy | Beba Silvera Ramos<\/title>\n<meta name=\"robots\" content=\"index, follow, max-snippet:-1, max-image-preview:large, max-video-preview:-1\" \/>\n<link rel=\"canonical\" href=\"https:\/\/bebasilveraramos.com\/es\/cookie-policy\/\" \/>\n<meta property=\"og:locale\" content=\"es_ES\" \/>\n<meta property=\"og:type\" content=\"article\" \/>\n<meta property=\"og:title\" content=\"Cookie Policy | Beba Silvera Ramos\" \/>\n<meta property=\"og:description\" content=\"[vc_row][vc_column][vc_column_text woodmart_inline=&#8221;no&#8221; text_larger=&#8221;no&#8221;]El propietario y administrador del procesamiento de datos del sitio https:\/\/bebasilveraramos.com es Ballaebrucia, con sede en Via Dolomiti\" \/>\n<meta property=\"og:url\" content=\"https:\/\/bebasilveraramos.com\/es\/cookie-policy\/\" \/>\n<meta property=\"og:site_name\" content=\"Beba Silvera Ramos\" \/>\n<meta property=\"article:modified_time\" content=\"2021-11-17T11:06:43+00:00\" \/>\n<meta name=\"twitter:card\" content=\"summary_large_image\" \/>\n<meta name=\"twitter:label1\" content=\"Tiempo de lectura\" \/>\n\t<meta name=\"twitter:data1\" content=\"4 minutos\" \/>\n<script type=\"application\/ld+json\" class=\"yoast-schema-graph\">{\"@context\":\"https:\/\/schema.org\",\"@graph\":[{\"@type\":\"WebPage\",\"@id\":\"https:\/\/bebasilveraramos.com\/es\/cookie-policy\/\",\"url\":\"https:\/\/bebasilveraramos.com\/es\/cookie-policy\/\",\"name\":\"Cookie Policy | Beba Silvera Ramos\",\"isPartOf\":{\"@id\":\"https:\/\/bebasilveraramos.com\/#website\"},\"datePublished\":\"2021-11-15T16:13:00+00:00\",\"dateModified\":\"2021-11-17T11:06:43+00:00\",\"breadcrumb\":{\"@id\":\"https:\/\/bebasilveraramos.com\/es\/cookie-policy\/#breadcrumb\"},\"inLanguage\":\"es\",\"potentialAction\":[{\"@type\":\"ReadAction\",\"target\":[\"https:\/\/bebasilveraramos.com\/es\/cookie-policy\/\"]}]},{\"@type\":\"BreadcrumbList\",\"@id\":\"https:\/\/bebasilveraramos.com\/es\/cookie-policy\/#breadcrumb\",\"itemListElement\":[{\"@type\":\"ListItem\",\"position\":1,\"name\":\"Home\",\"item\":\"https:\/\/bebasilveraramos.com\/es\/\"},{\"@type\":\"ListItem\",\"position\":2,\"name\":\"Cookie Policy\"}]},{\"@type\":\"WebSite\",\"@id\":\"https:\/\/bebasilveraramos.com\/#website\",\"url\":\"https:\/\/bebasilveraramos.com\/\",\"name\":\"Beba Silvera Ramos\",\"description\":\"Online Gym and Dance School\",\"publisher\":{\"@id\":\"https:\/\/bebasilveraramos.com\/#organization\"},\"potentialAction\":[{\"@type\":\"SearchAction\",\"target\":{\"@type\":\"EntryPoint\",\"urlTemplate\":\"https:\/\/bebasilveraramos.com\/?s={search_term_string}\"},\"query-input\":\"required name=search_term_string\"}],\"inLanguage\":\"es\"},{\"@type\":\"Organization\",\"@id\":\"https:\/\/bebasilveraramos.com\/#organization\",\"name\":\"Beba Silvera Ramos\",\"url\":\"https:\/\/bebasilveraramos.com\/\",\"logo\":{\"@type\":\"ImageObject\",\"inLanguage\":\"es\",\"@id\":\"https:\/\/bebasilveraramos.com\/#\/schema\/logo\/image\/\",\"url\":\"https:\/\/bebasilveraramos.com\/wp-content\/uploads\/2021\/09\/bsr-logo.png\",\"contentUrl\":\"https:\/\/bebasilveraramos.com\/wp-content\/uploads\/2021\/09\/bsr-logo.png\",\"width\":399,\"height\":205,\"caption\":\"Beba Silvera Ramos\"},\"image\":{\"@id\":\"https:\/\/bebasilveraramos.com\/#\/schema\/logo\/image\/\"}}]}<\/script>\n<!-- \/ Yoast SEO plugin. -->","yoast_head_json":{"title":"Cookie Policy | Beba Silvera Ramos","robots":{"index":"index","follow":"follow","max-snippet":"max-snippet:-1","max-image-preview":"max-image-preview:large","max-video-preview":"max-video-preview:-1"},"canonical":"https:\/\/bebasilveraramos.com\/es\/cookie-policy\/","og_locale":"es_ES","og_type":"article","og_title":"Cookie Policy | Beba Silvera Ramos","og_description":"[vc_row][vc_column][vc_column_text woodmart_inline=&#8221;no&#8221; text_larger=&#8221;no&#8221;]El propietario y administrador del procesamiento de datos del sitio https:\/\/bebasilveraramos.com es Ballaebrucia, con sede en Via Dolomiti","og_url":"https:\/\/bebasilveraramos.com\/es\/cookie-policy\/","og_site_name":"Beba Silvera Ramos","article_modified_time":"2021-11-17T11:06:43+00:00","twitter_card":"summary_large_image","twitter_misc":{"Tiempo de lectura":"4 minutos"},"schema":{"@context":"https:\/\/schema.org","@graph":[{"@type":"WebPage","@id":"https:\/\/bebasilveraramos.com\/es\/cookie-policy\/","url":"https:\/\/bebasilveraramos.com\/es\/cookie-policy\/","name":"Cookie Policy | Beba Silvera Ramos","isPartOf":{"@id":"https:\/\/bebasilveraramos.com\/#website"},"datePublished":"2021-11-15T16:13:00+00:00","dateModified":"2021-11-17T11:06:43+00:00","breadcrumb":{"@id":"https:\/\/bebasilveraramos.com\/es\/cookie-policy\/#breadcrumb"},"inLanguage":"es","potentialAction":[{"@type":"ReadAction","target":["https:\/\/bebasilveraramos.com\/es\/cookie-policy\/"]}]},{"@type":"BreadcrumbList","@id":"https:\/\/bebasilveraramos.com\/es\/cookie-policy\/#breadcrumb","itemListElement":[{"@type":"ListItem","position":1,"name":"Home","item":"https:\/\/bebasilveraramos.com\/es\/"},{"@type":"ListItem","position":2,"name":"Cookie Policy"}]},{"@type":"WebSite","@id":"https:\/\/bebasilveraramos.com\/#website","url":"https:\/\/bebasilveraramos.com\/","name":"Beba Silvera Ramos","description":"Online Gym and Dance School","publisher":{"@id":"https:\/\/bebasilveraramos.com\/#organization"},"potentialAction":[{"@type":"SearchAction","target":{"@type":"EntryPoint","urlTemplate":"https:\/\/bebasilveraramos.com\/?s={search_term_string}"},"query-input":"required name=search_term_string"}],"inLanguage":"es"},{"@type":"Organization","@id":"https:\/\/bebasilveraramos.com\/#organization","name":"Beba Silvera Ramos","url":"https:\/\/bebasilveraramos.com\/","logo":{"@type":"ImageObject","inLanguage":"es","@id":"https:\/\/bebasilveraramos.com\/#\/schema\/logo\/image\/","url":"https:\/\/bebasilveraramos.com\/wp-content\/uploads\/2021\/09\/bsr-logo.png","contentUrl":"https:\/\/bebasilveraramos.com\/wp-content\/uploads\/2021\/09\/bsr-logo.png","width":399,"height":205,"caption":"Beba Silvera Ramos"},"image":{"@id":"https:\/\/bebasilveraramos.com\/#\/schema\/logo\/image\/"}}]}},"_links":{"self":[{"href":"https:\/\/bebasilveraramos.com\/es\/wp-json\/wp\/v2\/pages\/8544","targetHints":{"allow":["GET"]}}],"collection":[{"href":"https:\/\/bebasilveraramos.com\/es\/wp-json\/wp\/v2\/pages"}],"about":[{"href":"https:\/\/bebasilveraramos.com\/es\/wp-json\/wp\/v2\/types\/page"}],"author":[{"embeddable":true,"href":"https:\/\/bebasilveraramos.com\/es\/wp-json\/wp\/v2\/users\/1"}],"replies":[{"embeddable":true,"href":"https:\/\/bebasilveraramos.com\/es\/wp-json\/wp\/v2\/comments?post=8544"}],"version-history":[{"count":2,"href":"https:\/\/bebasilveraramos.com\/es\/wp-json\/wp\/v2\/pages\/8544\/revisions"}],"predecessor-version":[{"id":8546,"href":"https:\/\/bebasilveraramos.com\/es\/wp-json\/wp\/v2\/pages\/8544\/revisions\/8546"}],"wp:attachment":[{"href":"https:\/\/bebasilveraramos.com\/es\/wp-json\/wp\/v2\/media?parent=8544"}],"curies":[{"name":"wp","href":"https:\/\/api.w.org\/{rel}","templated":true}]}}