{"id":8552,"date":"2021-11-15T16:16:21","date_gmt":"2021-11-15T16:16:21","guid":{"rendered":"https:\/\/bebasilveraramos.com\/terms-of-sale\/"},"modified":"2021-11-17T11:09:08","modified_gmt":"2021-11-17T11:09:08","slug":"condiciones-de-venta","status":"publish","type":"page","link":"https:\/\/bebasilveraramos.com\/es\/condiciones-de-venta\/","title":{"rendered":"Condiciones de venta"},"content":{"rendered":"[vc_row][vc_column][vc_column_text woodmart_inline=&#8221;no&#8221; text_larger=&#8221;no&#8221;]Condiciones de venta\r\n\r\nPREMISA\r\n\r\nEstas condiciones generales tienen como objeto la compra de productos a distancia mediante una red telem\u00e1tica a trav\u00e9s del sitio www.r-evenge.com propiedad de Ballaebrucia con sede en Via Dolomiti 18 Bellusco 20882 MB p.iva 03463220982.\r\nLas operaciones de compra ser\u00e1n regirse por las disposiciones del Decreto Legislativo n.\u00a0185 de 22.5.1999, mientras que la protecci\u00f3n de la confidencialidad estar\u00e1 sujeta a la disciplina del Decreto Legislativo 196\/03.\r\n\r\nArt.1: ACEPTACI\u00d3N DE LAS CONDICIONES DE VENTA\r\n\r\n1.1 Las condiciones establecidas en la introducci\u00f3n son parte integral y esencial de este contrato.\r\n\r\n1.2 Todos los contratos se celebrar\u00e1n directamente a trav\u00e9s del acceso del cliente consumidor al sitio de Internet correspondiente a la direcci\u00f3n www.r-evenge.com donde, de hecho, el cliente puede concluir el contrato para la compra del producto deseado siguiendo cuidadosamente las indicaciones y procedimientos previstos.\r\n\r\n1.3 Estas condiciones generales de venta deben ser examinadas &#8220;online&#8221; por el cliente, antes de completar el procedimiento de compra.\u00a0El reenv\u00edo de la confirmaci\u00f3n del pedido implica, por tanto, el pleno conocimiento del mismo y su plena aceptaci\u00f3n.\r\n\r\nArt. 2: PRECIOS DE VENTA Y M\u00c9TODOS DE COMPRA\r\n\r\n2.1 Todos los precios de venta de los productos mostrados e indicados en el sitio web www.bebasilveraramos.com incluyen el IVA y todos los dem\u00e1s impuestos.\u00a02.2 El coste total del env\u00edo a domicilio del cliente corre a cargo del cliente.\u00a02.3 El contrato de compra se concluye a trav\u00e9s de la recopilaci\u00f3n exacta y el consentimiento a la compra expresado a trav\u00e9s de la adhesi\u00f3n dada &#8220;en l\u00ednea&#8221;.\u00a02.4 El cliente puede pagar la mercanc\u00eda solicitada utilizando los m\u00e9todos de pago indicados &#8220;en l\u00ednea&#8221; en el momento de la compra.\r\n\r\nArt. 3: PRECIOS DE VENTA Y M\u00c9TODOS DE COMPRA\r\n\r\n3.1 La empresa Ballaebrucia, propietaria del sitio web www.bebasilveraramos.com, entregar\u00e1 a los clientes, en la direcci\u00f3n indicada, los productos seleccionados y pedidos en la forma prevista en el art\u00edculo anterior por mensajer\u00eda.\r\n\r\nArt. 4: RESPONSABILIDAD\r\n\r\n4.1 La empresa Ballaebrucia no asume ninguna responsabilidad por ineficiencias imputables a fuerza mayor tales como accidentes, explosiones, incendios, huelgas y \/ o cierres patronales, terremotos, inundaciones y otros eventos similares que impidieron, total o parcialmente, ser ejecutados en el tiempo acordado. al contrato.\r\n\r\nArt. 5: GARANT\u00cdAS Y FORMA DE ASISTENCIA\r\n\r\n5.1 La empresa Ballaebrucia, propietaria del sitio web www.bebasilveraramos.com, comercializa productos de alto nivel de calidad.\u00a0Los productores de estos bienes ofrecen una garant\u00eda cuya duraci\u00f3n m\u00ednima depende del tipo de producto adquirido.\u00a0La garant\u00eda comienza desde el d\u00eda de la compra del activo.\r\n\r\nArt. 6: OBLIGACIONES DEL COMPRADOR\r\n\r\n6.1 Est\u00e1 estrictamente prohibido que el comprador ingrese datos falsos y \/ o inventados y \/ o ficticios en el procedimiento de registro necesario para activar el procedimiento para la ejecuci\u00f3n de este contrato y las comunicaciones posteriores relacionadas.\r\n\r\n6.2 El Cliente exime a Ballaebrucia de cualquier responsabilidad derivada de la emisi\u00f3n de documentos fiscales incorrectos por errores relacionados con los datos facilitados por el Cliente, ya que el propio Cliente es el \u00fanico responsable de la correcta inserci\u00f3n.\r\n\r\nArt. 7: DERECHO DE RETIRO\r\n\r\n7.1 De conformidad con el art.\u00a05 del Decreto Legislativo\u00a022 de mayo de 1999, n.\u00a0185 el cliente puede ejercitar el derecho de desistimiento, devolviendo la mercanc\u00eda recibida y obteniendo la devoluci\u00f3n del precio pagado.\r\n\r\n7.2 El consumidor que por cualquier motivo no est\u00e9 satisfecho con la compra realizada tiene derecho a desistir del contrato estipulado, sin penalizaci\u00f3n alguna y sin especificar el motivo, dentro de los 10 d\u00edas h\u00e1biles siguientes a la recepci\u00f3n del bien comprado.\r\n\r\n7.3 Para ejercer el derecho de desistimiento, el cliente debe, dentro del per\u00edodo indicado anteriormente, enviar una carta certificada con acuse de recibo a Revenge Srl\r\n\r\n7.4.\u00a0Antic\u00edpese a la comunicaci\u00f3n v\u00eda e-mail a\u00a0<a href=\"mailto:info@ballaebrucia.com?_x_tr_sl=it&amp;_x_tr_tl=es&amp;_x_tr_hl=it&amp;_x_tr_pto=nui\">info@ballaebrucia.com<\/a>\r\n\r\n7.5.\u00a0Proporcione, utilizando un servicio de mensajer\u00eda de su elecci\u00f3n, para enviar el producto cuidadosamente empaquetado en el embalaje original y completo con todos los accesorios, manuales de instrucciones y todo lo que originalmente estaba contenido.\r\n\r\n7.6.\u00a0Asegurar el env\u00edo contra robos y da\u00f1os de transporte y asumir los costes correspondientes.\u00a0Si el producto devuelto no ha sido asegurado por el valor indicado en la factura, en caso de da\u00f1o o p\u00e9rdida durante el transporte, Ballaebrucia se reserva el derecho a cobrar los da\u00f1os sufridos reteniendo los importes a reembolsar.\r\n\r\n7.7.\u00a0Indique el n\u00famero de pedido relativo y env\u00ede el producto a la direcci\u00f3n:\r\n\r\nBallaebrucia\r\nVia Dolomiti 18 Bellusco\r\n20882 MB\r\n\r\nBallaebrucia proceder\u00e1, mediante transferencia bancaria, al reembolso del coste de la mercanc\u00eda enviada (excluidos los primeros gastos de env\u00edo) dentro de los 30 d\u00edas h\u00e1biles siguientes al env\u00edo de la mercanc\u00eda por s\u00ed mismo y en cualquier caso no antes de la recepci\u00f3n de la mercanc\u00eda.[\/vc_column_text][\/vc_column][\/vc_row]","protected":false},"excerpt":{"rendered":"[vc_row][vc_column][vc_column_text woodmart_inline=&#8221;no&#8221; text_larger=&#8221;no&#8221;]Condiciones de venta PREMISA Estas condiciones generales tienen como objeto la compra de productos a distancia mediante una","protected":false},"author":1,"featured_media":0,"parent":0,"menu_order":0,"comment_status":"closed","ping_status":"closed","template":"","meta":{"footnotes":""},"class_list":["post-8552","page","type-page","status-publish","hentry"],"yoast_head":"<!-- This site is optimized with the Yoast SEO plugin v21.8 - https:\/\/yoast.com\/wordpress\/plugins\/seo\/ -->\n<title>Condiciones de venta | Beba Silvera Ramos<\/title>\n<meta name=\"robots\" content=\"index, follow, max-snippet:-1, max-image-preview:large, max-video-preview:-1\" \/>\n<link rel=\"canonical\" href=\"https:\/\/bebasilveraramos.com\/es\/condiciones-de-venta\/\" \/>\n<meta property=\"og:locale\" content=\"es_ES\" \/>\n<meta property=\"og:type\" content=\"article\" \/>\n<meta property=\"og:title\" content=\"Condiciones de venta | Beba Silvera Ramos\" \/>\n<meta property=\"og:description\" content=\"[vc_row][vc_column][vc_column_text woodmart_inline=&#8221;no&#8221; text_larger=&#8221;no&#8221;]Condiciones de venta PREMISA Estas condiciones generales tienen como objeto la compra de productos a distancia mediante una\" \/>\n<meta property=\"og:url\" content=\"https:\/\/bebasilveraramos.com\/es\/condiciones-de-venta\/\" \/>\n<meta property=\"og:site_name\" content=\"Beba Silvera Ramos\" \/>\n<meta property=\"article:modified_time\" content=\"2021-11-17T11:09:08+00:00\" \/>\n<meta name=\"twitter:card\" content=\"summary_large_image\" \/>\n<meta name=\"twitter:label1\" content=\"Tiempo de lectura\" \/>\n\t<meta name=\"twitter:data1\" content=\"4 minutos\" \/>\n<script type=\"application\/ld+json\" class=\"yoast-schema-graph\">{\"@context\":\"https:\/\/schema.org\",\"@graph\":[{\"@type\":\"WebPage\",\"@id\":\"https:\/\/bebasilveraramos.com\/es\/condiciones-de-venta\/\",\"url\":\"https:\/\/bebasilveraramos.com\/es\/condiciones-de-venta\/\",\"name\":\"Condiciones de venta | Beba Silvera Ramos\",\"isPartOf\":{\"@id\":\"https:\/\/bebasilveraramos.com\/#website\"},\"datePublished\":\"2021-11-15T16:16:21+00:00\",\"dateModified\":\"2021-11-17T11:09:08+00:00\",\"breadcrumb\":{\"@id\":\"https:\/\/bebasilveraramos.com\/es\/condiciones-de-venta\/#breadcrumb\"},\"inLanguage\":\"es\",\"potentialAction\":[{\"@type\":\"ReadAction\",\"target\":[\"https:\/\/bebasilveraramos.com\/es\/condiciones-de-venta\/\"]}]},{\"@type\":\"BreadcrumbList\",\"@id\":\"https:\/\/bebasilveraramos.com\/es\/condiciones-de-venta\/#breadcrumb\",\"itemListElement\":[{\"@type\":\"ListItem\",\"position\":1,\"name\":\"Home\",\"item\":\"https:\/\/bebasilveraramos.com\/es\/\"},{\"@type\":\"ListItem\",\"position\":2,\"name\":\"Condiciones de venta\"}]},{\"@type\":\"WebSite\",\"@id\":\"https:\/\/bebasilveraramos.com\/#website\",\"url\":\"https:\/\/bebasilveraramos.com\/\",\"name\":\"Beba Silvera Ramos\",\"description\":\"Online Gym and Dance School\",\"publisher\":{\"@id\":\"https:\/\/bebasilveraramos.com\/#organization\"},\"potentialAction\":[{\"@type\":\"SearchAction\",\"target\":{\"@type\":\"EntryPoint\",\"urlTemplate\":\"https:\/\/bebasilveraramos.com\/?s={search_term_string}\"},\"query-input\":\"required name=search_term_string\"}],\"inLanguage\":\"es\"},{\"@type\":\"Organization\",\"@id\":\"https:\/\/bebasilveraramos.com\/#organization\",\"name\":\"Beba Silvera Ramos\",\"url\":\"https:\/\/bebasilveraramos.com\/\",\"logo\":{\"@type\":\"ImageObject\",\"inLanguage\":\"es\",\"@id\":\"https:\/\/bebasilveraramos.com\/#\/schema\/logo\/image\/\",\"url\":\"https:\/\/bebasilveraramos.com\/wp-content\/uploads\/2021\/09\/bsr-logo.png\",\"contentUrl\":\"https:\/\/bebasilveraramos.com\/wp-content\/uploads\/2021\/09\/bsr-logo.png\",\"width\":399,\"height\":205,\"caption\":\"Beba Silvera Ramos\"},\"image\":{\"@id\":\"https:\/\/bebasilveraramos.com\/#\/schema\/logo\/image\/\"}}]}<\/script>\n<!-- \/ Yoast SEO plugin. -->","yoast_head_json":{"title":"Condiciones de venta | Beba Silvera Ramos","robots":{"index":"index","follow":"follow","max-snippet":"max-snippet:-1","max-image-preview":"max-image-preview:large","max-video-preview":"max-video-preview:-1"},"canonical":"https:\/\/bebasilveraramos.com\/es\/condiciones-de-venta\/","og_locale":"es_ES","og_type":"article","og_title":"Condiciones de venta | Beba Silvera Ramos","og_description":"[vc_row][vc_column][vc_column_text woodmart_inline=&#8221;no&#8221; text_larger=&#8221;no&#8221;]Condiciones de venta PREMISA Estas condiciones generales tienen como objeto la compra de productos a distancia mediante una","og_url":"https:\/\/bebasilveraramos.com\/es\/condiciones-de-venta\/","og_site_name":"Beba Silvera Ramos","article_modified_time":"2021-11-17T11:09:08+00:00","twitter_card":"summary_large_image","twitter_misc":{"Tiempo de lectura":"4 minutos"},"schema":{"@context":"https:\/\/schema.org","@graph":[{"@type":"WebPage","@id":"https:\/\/bebasilveraramos.com\/es\/condiciones-de-venta\/","url":"https:\/\/bebasilveraramos.com\/es\/condiciones-de-venta\/","name":"Condiciones de venta | Beba Silvera Ramos","isPartOf":{"@id":"https:\/\/bebasilveraramos.com\/#website"},"datePublished":"2021-11-15T16:16:21+00:00","dateModified":"2021-11-17T11:09:08+00:00","breadcrumb":{"@id":"https:\/\/bebasilveraramos.com\/es\/condiciones-de-venta\/#breadcrumb"},"inLanguage":"es","potentialAction":[{"@type":"ReadAction","target":["https:\/\/bebasilveraramos.com\/es\/condiciones-de-venta\/"]}]},{"@type":"BreadcrumbList","@id":"https:\/\/bebasilveraramos.com\/es\/condiciones-de-venta\/#breadcrumb","itemListElement":[{"@type":"ListItem","position":1,"name":"Home","item":"https:\/\/bebasilveraramos.com\/es\/"},{"@type":"ListItem","position":2,"name":"Condiciones de venta"}]},{"@type":"WebSite","@id":"https:\/\/bebasilveraramos.com\/#website","url":"https:\/\/bebasilveraramos.com\/","name":"Beba Silvera Ramos","description":"Online Gym and Dance School","publisher":{"@id":"https:\/\/bebasilveraramos.com\/#organization"},"potentialAction":[{"@type":"SearchAction","target":{"@type":"EntryPoint","urlTemplate":"https:\/\/bebasilveraramos.com\/?s={search_term_string}"},"query-input":"required name=search_term_string"}],"inLanguage":"es"},{"@type":"Organization","@id":"https:\/\/bebasilveraramos.com\/#organization","name":"Beba Silvera Ramos","url":"https:\/\/bebasilveraramos.com\/","logo":{"@type":"ImageObject","inLanguage":"es","@id":"https:\/\/bebasilveraramos.com\/#\/schema\/logo\/image\/","url":"https:\/\/bebasilveraramos.com\/wp-content\/uploads\/2021\/09\/bsr-logo.png","contentUrl":"https:\/\/bebasilveraramos.com\/wp-content\/uploads\/2021\/09\/bsr-logo.png","width":399,"height":205,"caption":"Beba Silvera Ramos"},"image":{"@id":"https:\/\/bebasilveraramos.com\/#\/schema\/logo\/image\/"}}]}},"_links":{"self":[{"href":"https:\/\/bebasilveraramos.com\/es\/wp-json\/wp\/v2\/pages\/8552","targetHints":{"allow":["GET"]}}],"collection":[{"href":"https:\/\/bebasilveraramos.com\/es\/wp-json\/wp\/v2\/pages"}],"about":[{"href":"https:\/\/bebasilveraramos.com\/es\/wp-json\/wp\/v2\/types\/page"}],"author":[{"embeddable":true,"href":"https:\/\/bebasilveraramos.com\/es\/wp-json\/wp\/v2\/users\/1"}],"replies":[{"embeddable":true,"href":"https:\/\/bebasilveraramos.com\/es\/wp-json\/wp\/v2\/comments?post=8552"}],"version-history":[{"count":2,"href":"https:\/\/bebasilveraramos.com\/es\/wp-json\/wp\/v2\/pages\/8552\/revisions"}],"predecessor-version":[{"id":8554,"href":"https:\/\/bebasilveraramos.com\/es\/wp-json\/wp\/v2\/pages\/8552\/revisions\/8554"}],"wp:attachment":[{"href":"https:\/\/bebasilveraramos.com\/es\/wp-json\/wp\/v2\/media?parent=8552"}],"curies":[{"name":"wp","href":"https:\/\/api.w.org\/{rel}","templated":true}]}}