{"id":8494,"date":"2021-11-14T17:12:47","date_gmt":"2021-11-14T17:12:47","guid":{"rendered":"https:\/\/bebasilveraramos.com\/prodotto\/pacchetto-lezioni-live-su-zoom\/"},"modified":"2021-11-17T10:27:20","modified_gmt":"2021-11-17T10:27:20","slug":"paquete-de-lecciones-en-vivo-en-zoom","status":"publish","type":"product","link":"https:\/\/bebasilveraramos.com\/es\/prodotto\/paquete-de-lecciones-en-vivo-en-zoom\/","title":{"rendered":"Paquete de lecciones en vivo en Zoom"},"content":{"rendered":"[vc_row gap=&#8221;20&#8243; mobile_bg_img_hidden=&#8221;no&#8221; tablet_bg_img_hidden=&#8221;no&#8221; woodmart_parallax=&#8221;0&#8243; woodmart_gradient_switch=&#8221;no&#8221; row_reverse_mobile=&#8221;0&#8243; row_reverse_tablet=&#8221;0&#8243; woodmart_disable_overflow=&#8221;0&#8243;][vc_column width=&#8221;1\/2&#8243;][vc_single_image image=&#8221;8147&#8243; img_size=&#8221;full&#8221; woodmart_inline=&#8221;no&#8221; parallax_scroll=&#8221;no&#8221;][\/vc_column][vc_column width=&#8221;1\/2&#8243;][vc_column_text woodmart_inline=&#8221;no&#8221; text_larger=&#8221;no&#8221;]\r\n<h2>Lecciones mensuales en l\u00ednea<\/h2>\r\nTres tiempos de lecci\u00f3n\r\n<ul>\r\n \t<li>H.18.00<\/li>\r\n \t<li>H.19.00<\/li>\r\n \t<li>H.20.00<\/li>\r\n<\/ul>\r\n<em>Hora italiana en la plataforma Zoom<\/em>[\/vc_column_text]<div id=\"wd-619219609f0d8\" class=\"wd-button-wrapper text-left\"><a href=\"https:\/\/wa.me\/393791379742\" title=\"\" class=\"btn btn-color-primary btn-style-bordered btn-shape-rectangle btn-size-default\">INFORMACI\u00d3N REQUERIDA<\/a><\/div>[\/vc_column][\/vc_row][vc_row][vc_column]\t\t\n\t\t<div id=\"wd-6192181ad3f45\" class=\"title-wrapper wd-wpb set-mb-s reset-last-child  wd-title-color-default wd-title-style-default wd-width-100 text-center \">\n\t\t\t\n\t\t\t<div class=\"liner-continer\">\n\t\t\t\t<h4 class=\"woodmart-title-container title  wd-font-weight- wd-fontsize-l\" >Las lecciones est\u00e1n en tres modos<\/h4>\n\t\t\t\t\t\t\t<\/div>\n\t\t\t\n\t\t\t\n\t\t\t\t\t<\/div>\n\t\t\n\t\t[\/vc_column][\/vc_row][vc_row css=&#8221;.vc_custom_1535368231661{margin-bottom: 4vh !important;}&#8221;][vc_column width=&#8221;1\/3&#8243; css=&#8221;.vc_custom_1528974311493{margin-bottom: 4vh !important;padding-right: 10% !important;padding-left: 10% !important;}&#8221;]\t\t\t<div class=\"info-box-wrapper \">\n\t\t\t\t<div id=\"wd-619218cb4319b\" class=\" wd-info-box wd-wpb text-center box-icon-align-top box-style- color-scheme- wd-bg-none vc_custom_1636964560775\"  >\n\t\t\t\t\t\t\t\t\t\t\t<div class=\"box-icon-wrapper  box-with-icon box-icon-simple\">\n\t\t\t\t\t\t\t<div class=\"info-box-icon\">\n\n\t\t\t\t\t\t\t\n\t\t\t\t\t\t\t\t\t\t\t\t\t\t\t\t\t<img loading=\"lazy\" decoding=\"async\" class=\"info-icon image-1 \" src=\"https:\/\/bebasilveraramos.com\/wp-content\/uploads\/2021\/11\/gl-num-1.png\" width=\"41\" height=\"66\" alt=\"\" title=\"\" \/>\t\t\t\t\t\t\t\t\t\t\t\t\t\t\t\n\t\t\t\t\t\t\t<\/div>\n\t\t\t\t\t\t<\/div>\n\t\t\t\t\t\t\t\t\t\t<div class=\"info-box-content\">\n\t\t\t\t\t\t<h4 class=\"info-box-title title wd-font-weight- box-title-style-default wd-fontsize-m\">Combat<\/h4>\t\t\t\t\t\t<div class=\"info-box-inner set-cont-mb-s reset-last-child\">\n\t\t\t\t\t\t\t<p>Actividades de peso corporal al ritmo de la m\u00fasica con ejercicios inspirados en el deporte de combate<\/p>\n\t\t\t\t\t\t<\/div>\n\n\t\t\t\t\t\t\n\t\t\t\t\t<\/div>\n\n\t\t\t\t\t\t\t\t\t<\/div>\n\t\t\t<\/div>\n\t\t[\/vc_column][vc_column width=&#8221;1\/3&#8243; css=&#8221;.vc_custom_1528974315070{margin-bottom: 4vh !important;padding-right: 10% !important;padding-left: 10% !important;}&#8221;]\t\t\t<div class=\"info-box-wrapper \">\n\t\t\t\t<div id=\"wd-619218da312a1\" class=\" wd-info-box wd-wpb text-center box-icon-align-top box-style- color-scheme- wd-bg-none vc_custom_1636964574443\"  >\n\t\t\t\t\t\t\t\t\t\t\t<div class=\"box-icon-wrapper  box-with-icon box-icon-simple\">\n\t\t\t\t\t\t\t<div class=\"info-box-icon\">\n\n\t\t\t\t\t\t\t\n\t\t\t\t\t\t\t\t\t\t\t\t\t\t\t\t\t<img loading=\"lazy\" decoding=\"async\" class=\"info-icon image-1 \" src=\"https:\/\/bebasilveraramos.com\/wp-content\/uploads\/2021\/11\/gl-num-2.png\" width=\"70\" height=\"66\" alt=\"\" title=\"\" \/>\t\t\t\t\t\t\t\t\t\t\t\t\t\t\t\n\t\t\t\t\t\t\t<\/div>\n\t\t\t\t\t\t<\/div>\n\t\t\t\t\t\t\t\t\t\t<div class=\"info-box-content\">\n\t\t\t\t\t\t<h4 class=\"info-box-title title wd-font-weight- box-title-style-default wd-fontsize-m\">Circuit<\/h4>\t\t\t\t\t\t<div class=\"info-box-inner set-cont-mb-s reset-last-child\">\n\t\t\t\t\t\t\t<p>Actividad espec\u00edfica con diversos ejercicios de cuerpo completo adecuados para mujeres y para tonificar el cuerpo. Algunos circuitos incluyen herramientas simples (pesas, palos, etc.)<\/p>\n\t\t\t\t\t\t<\/div>\n\n\t\t\t\t\t\t\n\t\t\t\t\t<\/div>\n\n\t\t\t\t\t\t\t\t\t<\/div>\n\t\t\t<\/div>\n\t\t[\/vc_column][vc_column width=&#8221;1\/3&#8243; css=&#8221;.vc_custom_1528974318854{margin-bottom: 4vh !important;padding-right: 10% !important;padding-left: 10% !important;}&#8221;]\t\t\t<div class=\"info-box-wrapper \">\n\t\t\t\t<div id=\"wd-619218e0307cd\" class=\" wd-info-box wd-wpb text-center box-icon-align-top box-style- color-scheme- wd-bg-none vc_custom_1636964581025\"  >\n\t\t\t\t\t\t\t\t\t\t\t<div class=\"box-icon-wrapper  box-with-icon box-icon-simple\">\n\t\t\t\t\t\t\t<div class=\"info-box-icon\">\n\n\t\t\t\t\t\t\t\n\t\t\t\t\t\t\t\t\t\t\t\t\t\t\t\t\t<img loading=\"lazy\" decoding=\"async\" class=\"info-icon image-1 \" src=\"https:\/\/bebasilveraramos.com\/wp-content\/uploads\/2021\/11\/gl-num-3.png\" width=\"64\" height=\"67\" alt=\"\" title=\"\" \/>\t\t\t\t\t\t\t\t\t\t\t\t\t\t\t\n\t\t\t\t\t\t\t<\/div>\n\t\t\t\t\t\t<\/div>\n\t\t\t\t\t\t\t\t\t\t<div class=\"info-box-content\">\n\t\t\t\t\t\t<h4 class=\"info-box-title title wd-font-weight- box-title-style-default wd-fontsize-m\">Danza<\/h4>\t\t\t\t\t\t<div class=\"info-box-inner set-cont-mb-s reset-last-child\">\n\t\t\t\t\t\t\t<p>Actividad de baile quema calor\u00edas donde se baila sin ninguna coreograf\u00eda para quemar calor\u00edas, tonificar el abdomen y los gl\u00fateos y todo el cuerpo. BALLA &amp; BRUCIA\u00ae\ufe0f (Dance and Burn), Reggaeton, Cardio Latin.<\/p>\n\t\t\t\t\t\t<\/div>\n\n\t\t\t\t\t\t\n\t\t\t\t\t<\/div>\n\n\t\t\t\t\t\t\t\t\t<\/div>\n\t\t\t<\/div>\n\t\t[\/vc_column][\/vc_row]","protected":false},"excerpt":{"rendered":"Zoom lecciones en l\u00ednea\r\n<strong>Martes y jueves hora italiana<\/strong>\r\nH 18.00 \/ H.19.00 \/ 20.00\r\nDance\/Combat\/Circuit\r\n\r\n(Info WhatsApp <a href=\"https:\/\/wa.me\/393791379742\">+393791379742<\/a>)\r\n\r\n[woodmart_button color=\"primary\" style=\"bordered\" align=\"left\" woodmart_css_id=\"6192191e5be23\" title=\"INFORMACI\u00d3N REQUERIDA\" link=\"url:https%3A%2F%2Fwa.me%2F393791379742\" full_width=\"no\" button_inline=\"no\" button_smooth_scroll=\"no\"]","protected":false},"featured_media":7967,"comment_status":"closed","ping_status":"closed","template":"","meta":[],"product_cat":[97,97],"product_tag":[],"class_list":{"0":"post-8494","1":"product","2":"type-product","3":"status-publish","4":"has-post-thumbnail","6":"product_cat-bsr-es","9":"first","10":"instock","11":"shipping-taxable","12":"product-type-simple"},"yoast_head":"<!-- This site is optimized with the Yoast SEO plugin v21.8 - https:\/\/yoast.com\/wordpress\/plugins\/seo\/ -->\n<title>Paquete de lecciones en vivo en Zoom | Beba Silvera Ramos<\/title>\n<meta name=\"robots\" content=\"index, follow, max-snippet:-1, max-image-preview:large, max-video-preview:-1\" \/>\n<link rel=\"canonical\" href=\"https:\/\/bebasilveraramos.com\/es\/prodotto\/paquete-de-lecciones-en-vivo-en-zoom\/\" \/>\n<meta property=\"og:locale\" content=\"es_ES\" \/>\n<meta property=\"og:type\" content=\"article\" \/>\n<meta property=\"og:title\" content=\"Paquete de lecciones en vivo en Zoom | Beba Silvera Ramos\" \/>\n<meta property=\"og:description\" content=\"Zoom lecciones en l\u00ednea Martes y jueves hora italiana H 18.00 \/ H.19.00 \/ 20.00 Dance\/Combat\/Circuit  (Info WhatsApp +393791379742)\" \/>\n<meta property=\"og:url\" content=\"https:\/\/bebasilveraramos.com\/es\/prodotto\/paquete-de-lecciones-en-vivo-en-zoom\/\" \/>\n<meta property=\"og:site_name\" content=\"Beba Silvera Ramos\" \/>\n<meta property=\"article:modified_time\" content=\"2021-11-17T10:27:20+00:00\" \/>\n<meta property=\"og:image\" content=\"https:\/\/bebasilveraramos.com\/wp-content\/uploads\/2021\/09\/program-1.jpg\" \/>\n\t<meta property=\"og:image:width\" content=\"1200\" \/>\n\t<meta property=\"og:image:height\" content=\"1200\" \/>\n\t<meta property=\"og:image:type\" content=\"image\/jpeg\" \/>\n<meta name=\"twitter:card\" content=\"summary_large_image\" \/>\n<meta name=\"twitter:label1\" content=\"Tiempo de lectura\" \/>\n\t<meta name=\"twitter:data1\" content=\"2 minutos\" \/>\n<script type=\"application\/ld+json\" class=\"yoast-schema-graph\">{\"@context\":\"https:\/\/schema.org\",\"@graph\":[{\"@type\":\"WebPage\",\"@id\":\"https:\/\/bebasilveraramos.com\/es\/prodotto\/paquete-de-lecciones-en-vivo-en-zoom\/\",\"url\":\"https:\/\/bebasilveraramos.com\/es\/prodotto\/paquete-de-lecciones-en-vivo-en-zoom\/\",\"name\":\"Paquete de lecciones en vivo en Zoom | Beba Silvera Ramos\",\"isPartOf\":{\"@id\":\"https:\/\/bebasilveraramos.com\/#website\"},\"datePublished\":\"2021-11-14T17:12:47+00:00\",\"dateModified\":\"2021-11-17T10:27:20+00:00\",\"breadcrumb\":{\"@id\":\"https:\/\/bebasilveraramos.com\/es\/prodotto\/paquete-de-lecciones-en-vivo-en-zoom\/#breadcrumb\"},\"inLanguage\":\"es\",\"potentialAction\":[{\"@type\":\"ReadAction\",\"target\":[\"https:\/\/bebasilveraramos.com\/es\/prodotto\/paquete-de-lecciones-en-vivo-en-zoom\/\"]}]},{\"@type\":\"BreadcrumbList\",\"@id\":\"https:\/\/bebasilveraramos.com\/es\/prodotto\/paquete-de-lecciones-en-vivo-en-zoom\/#breadcrumb\",\"itemListElement\":[{\"@type\":\"ListItem\",\"position\":1,\"name\":\"Home\",\"item\":\"https:\/\/bebasilveraramos.com\/es\/\"},{\"@type\":\"ListItem\",\"position\":2,\"name\":\"Shop\",\"item\":\"https:\/\/bebasilveraramos.com\/es\/shop\/\"},{\"@type\":\"ListItem\",\"position\":3,\"name\":\"Paquete de lecciones en vivo en Zoom\"}]},{\"@type\":\"WebSite\",\"@id\":\"https:\/\/bebasilveraramos.com\/#website\",\"url\":\"https:\/\/bebasilveraramos.com\/\",\"name\":\"Beba Silvera Ramos\",\"description\":\"Online Gym and Dance School\",\"publisher\":{\"@id\":\"https:\/\/bebasilveraramos.com\/#organization\"},\"potentialAction\":[{\"@type\":\"SearchAction\",\"target\":{\"@type\":\"EntryPoint\",\"urlTemplate\":\"https:\/\/bebasilveraramos.com\/?s={search_term_string}\"},\"query-input\":\"required name=search_term_string\"}],\"inLanguage\":\"es\"},{\"@type\":\"Organization\",\"@id\":\"https:\/\/bebasilveraramos.com\/#organization\",\"name\":\"Beba Silvera Ramos\",\"url\":\"https:\/\/bebasilveraramos.com\/\",\"logo\":{\"@type\":\"ImageObject\",\"inLanguage\":\"es\",\"@id\":\"https:\/\/bebasilveraramos.com\/#\/schema\/logo\/image\/\",\"url\":\"https:\/\/bebasilveraramos.com\/wp-content\/uploads\/2021\/09\/bsr-logo.png\",\"contentUrl\":\"https:\/\/bebasilveraramos.com\/wp-content\/uploads\/2021\/09\/bsr-logo.png\",\"width\":399,\"height\":205,\"caption\":\"Beba Silvera Ramos\"},\"image\":{\"@id\":\"https:\/\/bebasilveraramos.com\/#\/schema\/logo\/image\/\"}}]}<\/script>\n<!-- \/ Yoast SEO plugin. -->","yoast_head_json":{"title":"Paquete de lecciones en vivo en Zoom | Beba Silvera Ramos","robots":{"index":"index","follow":"follow","max-snippet":"max-snippet:-1","max-image-preview":"max-image-preview:large","max-video-preview":"max-video-preview:-1"},"canonical":"https:\/\/bebasilveraramos.com\/es\/prodotto\/paquete-de-lecciones-en-vivo-en-zoom\/","og_locale":"es_ES","og_type":"article","og_title":"Paquete de lecciones en vivo en Zoom | Beba Silvera Ramos","og_description":"Zoom lecciones en l\u00ednea Martes y jueves hora italiana H 18.00 \/ H.19.00 \/ 20.00 Dance\/Combat\/Circuit  (Info WhatsApp +393791379742)","og_url":"https:\/\/bebasilveraramos.com\/es\/prodotto\/paquete-de-lecciones-en-vivo-en-zoom\/","og_site_name":"Beba Silvera Ramos","article_modified_time":"2021-11-17T10:27:20+00:00","og_image":[{"width":1200,"height":1200,"url":"https:\/\/bebasilveraramos.com\/wp-content\/uploads\/2021\/09\/program-1.jpg","type":"image\/jpeg"}],"twitter_card":"summary_large_image","twitter_misc":{"Tiempo de lectura":"2 minutos"},"schema":{"@context":"https:\/\/schema.org","@graph":[{"@type":"WebPage","@id":"https:\/\/bebasilveraramos.com\/es\/prodotto\/paquete-de-lecciones-en-vivo-en-zoom\/","url":"https:\/\/bebasilveraramos.com\/es\/prodotto\/paquete-de-lecciones-en-vivo-en-zoom\/","name":"Paquete de lecciones en vivo en Zoom | Beba Silvera Ramos","isPartOf":{"@id":"https:\/\/bebasilveraramos.com\/#website"},"datePublished":"2021-11-14T17:12:47+00:00","dateModified":"2021-11-17T10:27:20+00:00","breadcrumb":{"@id":"https:\/\/bebasilveraramos.com\/es\/prodotto\/paquete-de-lecciones-en-vivo-en-zoom\/#breadcrumb"},"inLanguage":"es","potentialAction":[{"@type":"ReadAction","target":["https:\/\/bebasilveraramos.com\/es\/prodotto\/paquete-de-lecciones-en-vivo-en-zoom\/"]}]},{"@type":"BreadcrumbList","@id":"https:\/\/bebasilveraramos.com\/es\/prodotto\/paquete-de-lecciones-en-vivo-en-zoom\/#breadcrumb","itemListElement":[{"@type":"ListItem","position":1,"name":"Home","item":"https:\/\/bebasilveraramos.com\/es\/"},{"@type":"ListItem","position":2,"name":"Shop","item":"https:\/\/bebasilveraramos.com\/es\/shop\/"},{"@type":"ListItem","position":3,"name":"Paquete de lecciones en vivo en Zoom"}]},{"@type":"WebSite","@id":"https:\/\/bebasilveraramos.com\/#website","url":"https:\/\/bebasilveraramos.com\/","name":"Beba Silvera Ramos","description":"Online Gym and Dance School","publisher":{"@id":"https:\/\/bebasilveraramos.com\/#organization"},"potentialAction":[{"@type":"SearchAction","target":{"@type":"EntryPoint","urlTemplate":"https:\/\/bebasilveraramos.com\/?s={search_term_string}"},"query-input":"required name=search_term_string"}],"inLanguage":"es"},{"@type":"Organization","@id":"https:\/\/bebasilveraramos.com\/#organization","name":"Beba Silvera Ramos","url":"https:\/\/bebasilveraramos.com\/","logo":{"@type":"ImageObject","inLanguage":"es","@id":"https:\/\/bebasilveraramos.com\/#\/schema\/logo\/image\/","url":"https:\/\/bebasilveraramos.com\/wp-content\/uploads\/2021\/09\/bsr-logo.png","contentUrl":"https:\/\/bebasilveraramos.com\/wp-content\/uploads\/2021\/09\/bsr-logo.png","width":399,"height":205,"caption":"Beba Silvera Ramos"},"image":{"@id":"https:\/\/bebasilveraramos.com\/#\/schema\/logo\/image\/"}}]}},"_links":{"self":[{"href":"https:\/\/bebasilveraramos.com\/es\/wp-json\/wp\/v2\/product\/8494","targetHints":{"allow":["GET"]}}],"collection":[{"href":"https:\/\/bebasilveraramos.com\/es\/wp-json\/wp\/v2\/product"}],"about":[{"href":"https:\/\/bebasilveraramos.com\/es\/wp-json\/wp\/v2\/types\/product"}],"replies":[{"embeddable":true,"href":"https:\/\/bebasilveraramos.com\/es\/wp-json\/wp\/v2\/comments?post=8494"}],"wp:featuredmedia":[{"embeddable":true,"href":"https:\/\/bebasilveraramos.com\/es\/wp-json\/wp\/v2\/media\/7967"}],"wp:attachment":[{"href":"https:\/\/bebasilveraramos.com\/es\/wp-json\/wp\/v2\/media?parent=8494"}],"wp:term":[{"taxonomy":"product_cat","embeddable":true,"href":"https:\/\/bebasilveraramos.com\/es\/wp-json\/wp\/v2\/product_cat?post=8494"},{"taxonomy":"product_tag","embeddable":true,"href":"https:\/\/bebasilveraramos.com\/es\/wp-json\/wp\/v2\/product_tag?post=8494"}],"curies":[{"name":"wp","href":"https:\/\/api.w.org\/{rel}","templated":true}]}}